{"id":88114,"date":"2021-05-04T17:01:09","date_gmt":"2021-05-04T14:01:09","guid":{"rendered":"https:\/\/pihakorento.fi\/?page_id=88114"},"modified":"2024-04-20T15:10:55","modified_gmt":"2024-04-20T12:10:55","slug":"kotoisa","status":"publish","type":"page","link":"https:\/\/pihakorento.fi\/index.php\/kotoisa\/","title":{"rendered":"Kotoisa &#8211; Pihakorento"},"content":{"rendered":"<div class=\"wpb-content-wrapper\"><p>[vc_row row_height_percent=&#8221;10&#8243; overlay_alpha=&#8221;50&#8243; gutter_size=&#8221;3&#8243; column_width_percent=&#8221;100&#8243; shift_y=&#8221;0&#8243; z_index=&#8221;0&#8243; uncode_shortcode_id=&#8221;217231&#8243;][vc_column width=&#8221;1\/1&#8243;][layerslider_vc id=&#8221;1&#8243;][\/vc_column][\/vc_row][vc_row row_height_percent=&#8221;100&#8243; back_image=&#8221;90001&#8243; overlay_alpha=&#8221;50&#8243; gutter_size=&#8221;3&#8243; column_width_percent=&#8221;100&#8243; shift_y=&#8221;0&#8243; z_index=&#8221;0&#8243; uncode_shortcode_id=&#8221;702653&#8243; shape_dividers=&#8221;&#8221; row_height_pixel=&#8221;100&#8243;][vc_column width=&#8221;1\/1&#8243;][\/vc_column][\/vc_row][vc_row unlock_row_content=&#8221;yes&#8221; row_height_percent=&#8221;50&#8243; override_padding=&#8221;yes&#8221; h_padding=&#8221;0&#8243; top_padding=&#8221;0&#8243; bottom_padding=&#8221;0&#8243; back_color=&#8221;color-wayh&#8221; overlay_alpha=&#8221;100&#8243; equal_height=&#8221;yes&#8221; gutter_size=&#8221;0&#8243; shift_y=&#8221;0&#8243; style=&#8221;inherited&#8221;][vc_column column_width_percent=&#8221;100&#8243; position_horizontal=&#8221;left&#8221; position_vertical=&#8221;middle&#8221; align_horizontal=&#8221;align_center&#8221; gutter_size=&#8221;3&#8243; override_padding=&#8221;yes&#8221; column_padding=&#8221;4&#8243; back_color=&#8221;color-xsdn&#8221; overlay_alpha=&#8221;100&#8243; shift_x=&#8221;0&#8243; shift_y=&#8221;0&#8243; shift_y_down=&#8221;0&#8243; z_index=&#8221;0&#8243; medium_width=&#8221;3&#8243; mobile_width=&#8221;0&#8243; zoom_width=&#8221;0&#8243; zoom_height=&#8221;0&#8243; width=&#8221;1\/3&#8243;][vc_icon icon=&#8221;fa fa-heart2&#8243; icon_image=&#8221;88158&#8243; media_size=&#8221;150&#8243; align=&#8221;&#8221; title=&#8221;Kotoisa on suosittu pihojen ja kotien muutosohjelma&#8221; uncode_shortcode_id=&#8221;152072&#8243;]Kotoisa on hyv\u00e4ntuulinen remontointi- ja sisustusohjelma, jossa uudistetaan niin suomalaisten koteja, kes\u00e4asuntoja kuin niiden pihojakin. Sarjassa muutoksen kokevat erilaiset kohteet, joista jokainen remontoidaan ja uudistetaan asukkaiden haaveiden ja toiveiden perusteella lopputuloksen pysyess\u00e4 yll\u00e4tyksen\u00e4 viimeiseen asti. Sarjan jokaisessa jaksossa n\u00e4hd\u00e4\u00e4n yhden kohteen remontointi ja sisustaminen alusta loppuun asti.[\/vc_icon][\/vc_column][vc_column column_width_percent=&#8221;100&#8243; position_horizontal=&#8221;left&#8221; gutter_size=&#8221;3&#8243; back_color=&#8221;color-gyho&#8221; back_image=&#8221;88168&#8243; overlay_alpha=&#8221;100&#8243; shift_x=&#8221;0&#8243; shift_y=&#8221;0&#8243; shift_y_down=&#8221;0&#8243; z_index=&#8221;0&#8243; medium_width=&#8221;3&#8243; mobile_width=&#8221;0&#8243; zoom_width=&#8221;0&#8243; zoom_height=&#8221;0&#8243; width=&#8221;1\/3&#8243; mobile_height=&#8221;260&#8243;][\/vc_column][vc_column column_width_percent=&#8221;100&#8243; position_vertical=&#8221;middle&#8221; align_horizontal=&#8221;align_center&#8221; gutter_size=&#8221;3&#8243; override_padding=&#8221;yes&#8221; column_padding=&#8221;4&#8243; back_color=&#8221;color-xsdn&#8221; overlay_alpha=&#8221;50&#8243; shift_x=&#8221;0&#8243; shift_y=&#8221;0&#8243; shift_y_down=&#8221;0&#8243; z_index=&#8221;0&#8243; medium_width=&#8221;3&#8243; mobile_width=&#8221;0&#8243; zoom_width=&#8221;0&#8243; zoom_height=&#8221;0&#8243; width=&#8221;1\/3&#8243;][vc_icon icon=&#8221;fa fa-camera3&#8243; size=&#8221;fa-4x&#8221; align=&#8221;&#8221; title=&#8221;Tarvitsetko esiintyj\u00e4\u00e4?&#8221; uncode_shortcode_id=&#8221;709733&#8243;]Mik\u00e4li olet hakemassa pihasuunnittelijaa, jolla on mediakokemusta sek\u00e4 televisio-, ett\u00e4 radio-ohjelmissa, niin ole rohkeasti yhteydess\u00e4. Kuulemme mielell\u00e4mme uusista mahdollisuuksista, formaateista ja konsepteista, sek\u00e4 voimme olla mukana rakentamassa viihdekokonaisuutta my\u00f6s pihatrendin ammattilaisina.[\/vc_icon][vc_button button_color=&#8221;color-prif&#8221; radius=&#8221;btn-circle&#8221; border_width=&#8221;0&#8243; link=&#8221;url:https%3A%2F%2Fpihakorento.fi%2Findex.php%2Fota-yhteytta%2F|title:Ota%20yhteytt%C3%A4&#8243; button_color_type=&#8221;uncode-palette&#8221; uncode_shortcode_id=&#8221;272372&#8243;]Ota yhteytt\u00e4 niin jutellaan![\/vc_button][\/vc_column][\/vc_row][vc_row unlock_row_content=&#8221;yes&#8221; row_height_percent=&#8221;50&#8243; override_padding=&#8221;yes&#8221; h_padding=&#8221;0&#8243; top_padding=&#8221;0&#8243; bottom_padding=&#8221;0&#8243; back_color=&#8221;color-wayh&#8221; overlay_alpha=&#8221;100&#8243; equal_height=&#8221;yes&#8221; gutter_size=&#8221;0&#8243; shift_y=&#8221;0&#8243; style=&#8221;inherited&#8221;][vc_column column_width_percent=&#8221;100&#8243; position_horizontal=&#8221;left&#8221; gutter_size=&#8221;3&#8243; back_color=&#8221;color-gyho&#8221; back_image=&#8221;88177&#8243; overlay_alpha=&#8221;100&#8243; shift_x=&#8221;0&#8243; shift_y=&#8221;0&#8243; shift_y_down=&#8221;0&#8243; z_index=&#8221;0&#8243; medium_width=&#8221;3&#8243; mobile_width=&#8221;0&#8243; zoom_height=&#8221;0&#8243; width=&#8221;1\/3&#8243; mobile_height=&#8221;260&#8243;][\/vc_column][vc_column column_width_percent=&#8221;100&#8243; position_horizontal=&#8221;left&#8221; position_vertical=&#8221;middle&#8221; align_horizontal=&#8221;align_center&#8221; gutter_size=&#8221;3&#8243; override_padding=&#8221;yes&#8221; column_padding=&#8221;4&#8243; back_color=&#8221;color-xsdn&#8221; overlay_alpha=&#8221;100&#8243; shift_x=&#8221;0&#8243; shift_y=&#8221;0&#8243; shift_y_down=&#8221;0&#8243; z_index=&#8221;0&#8243; medium_width=&#8221;3&#8243; mobile_width=&#8221;0&#8243; zoom_width=&#8221;0&#8243; zoom_height=&#8221;0&#8243; width=&#8221;1\/3&#8243;][vc_icon icon=&#8221;fa fa-magnifier&#8221; size=&#8221;fa-4x&#8221; align=&#8221;&#8221; title=&#8221;Hae mukaan&#8221; uncode_shortcode_id=&#8221;200871&#8243;]Jos piharemontti on ajankohtainen voit katsoa ajankohtaiset hakuajat MTV:n sivuilta. Yleens\u00e4 kaudelle haetaan mukaan erilaisia pihoja (rivitalot, omakotitalot, uudiskohteet, kes\u00e4asunnot) eri budjeteilla. Vastineeksi n\u00e4kyvyydest\u00e4 ohjelmassa mukana olijat saavat muun muassa tapauskohtaisesti sovittavia alennuksia.[\/vc_icon][vc_button button_color=&#8221;color-prif&#8221; radius=&#8221;btn-circle&#8221; border_width=&#8221;0&#8243; link=&#8221;url:https%3A%2F%2Fwww.mtvuutiset.fi%2Fartikkeli%2Fhae-mukaan-kotoisan-uudelle-kaudelle%2F7352218%23gs.04xyrz|target:_blank&#8221;]Katso hakuaika ja hae[\/vc_button][\/vc_column][vc_column column_width_percent=&#8221;100&#8243; position_horizontal=&#8221;left&#8221; gutter_size=&#8221;3&#8243; back_color=&#8221;color-gyho&#8221; back_image=&#8221;88170&#8243; overlay_alpha=&#8221;100&#8243; shift_x=&#8221;0&#8243; shift_y=&#8221;0&#8243; shift_y_down=&#8221;0&#8243; z_index=&#8221;0&#8243; medium_width=&#8221;3&#8243; mobile_width=&#8221;0&#8243; zoom_width=&#8221;0&#8243; zoom_height=&#8221;0&#8243; width=&#8221;1\/3&#8243; mobile_height=&#8221;260&#8243;][\/vc_column][\/vc_row]<\/p>\n<\/div>","protected":false},"excerpt":{"rendered":"<p>[vc_row row_height_percent=&#8221;10&#8243; overlay_alpha=&#8221;50&#8243; gutter_size=&#8221;3&#8243; column_width_percent=&#8221;100&#8243; shift_y=&#8221;0&#8243; z_index=&#8221;0&#8243; uncode_shortcode_id=&#8221;217231&#8243;][vc_column width=&#8221;1\/1&#8243;][layerslider_vc id=&#8221;1&#8243;][\/vc_column][\/vc_row][vc_row row_height_percent=&#8221;100&#8243; back_image=&#8221;90001&#8243; overlay_alpha=&#8221;50&#8243; gutter_size=&#8221;3&#8243; column_width_percent=&#8221;100&#8243; shift_y=&#8221;0&#8243; z_index=&#8221;0&#8243; uncode_shortcode_id=&#8221;702653&#8243; shape_dividers=&#8221;&#8221; row_height_pixel=&#8221;100&#8243;][vc_column [&hellip;]<\/p>\n","protected":false},"author":1,"featured_media":0,"parent":0,"menu_order":0,"comment_status":"closed","ping_status":"closed","template":"","meta":{"footnotes":""},"class_list":["post-88114","page","type-page","status-publish","hentry"],"yoast_head":"<!-- This site is optimized with the Yoast SEO plugin v27.4 - https:\/\/yoast.com\/product\/yoast-seo-wordpress\/ -->\n<title>Kotoisa - Pihakorento<\/title>\n<meta name=\"description\" content=\"Kotoisa on suosittu kotien ja pihojen muutosohjelma - MTV3 - Kotoisa-ohjelman pihat suunnittelee Pihakorento - Katso jaksot!\" \/>\n<meta name=\"robots\" content=\"index, follow, max-snippet:-1, max-image-preview:large, max-video-preview:-1\" \/>\n<link rel=\"canonical\" href=\"https:\/\/pihakorento.fi\/index.php\/kotoisa\/\" \/>\n<meta property=\"og:locale\" content=\"en_US\" \/>\n<meta property=\"og:type\" content=\"article\" \/>\n<meta property=\"og:title\" content=\"Kotoisa - Pihakorento\" \/>\n<meta property=\"og:description\" content=\"Kotoisa on suosittu kotien ja pihojen muutosohjelma - MTV3 - Kotoisa-ohjelman pihat suunnittelee Pihakorento - Katso jaksot!\" \/>\n<meta property=\"og:url\" content=\"https:\/\/pihakorento.fi\/index.php\/kotoisa\/\" \/>\n<meta property=\"og:site_name\" content=\"Pihakorento I Pihasuunnittelu ja viherrakentaminen\" \/>\n<meta property=\"article:publisher\" content=\"https:\/\/www.facebook.com\/PihaKorento\/\" \/>\n<meta property=\"article:modified_time\" content=\"2024-04-20T12:10:55+00:00\" \/>\n<meta name=\"twitter:card\" content=\"summary_large_image\" \/>\n<meta name=\"twitter:label1\" content=\"Est. reading time\" \/>\n\t<meta name=\"twitter:data1\" content=\"2 minutes\" \/>\n<script type=\"application\/ld+json\" class=\"yoast-schema-graph\">{\"@context\":\"https:\\\/\\\/schema.org\",\"@graph\":[{\"@type\":\"WebPage\",\"@id\":\"https:\\\/\\\/pihakorento.fi\\\/index.php\\\/kotoisa\\\/\",\"url\":\"https:\\\/\\\/pihakorento.fi\\\/index.php\\\/kotoisa\\\/\",\"name\":\"Kotoisa - Pihakorento\",\"isPartOf\":{\"@id\":\"https:\\\/\\\/pihakorento.fi\\\/#website\"},\"datePublished\":\"2021-05-04T14:01:09+00:00\",\"dateModified\":\"2024-04-20T12:10:55+00:00\",\"description\":\"Kotoisa on suosittu kotien ja pihojen muutosohjelma - MTV3 - Kotoisa-ohjelman pihat suunnittelee Pihakorento - Katso jaksot!\",\"breadcrumb\":{\"@id\":\"https:\\\/\\\/pihakorento.fi\\\/index.php\\\/kotoisa\\\/#breadcrumb\"},\"inLanguage\":\"en\",\"potentialAction\":[{\"@type\":\"ReadAction\",\"target\":[\"https:\\\/\\\/pihakorento.fi\\\/index.php\\\/kotoisa\\\/\"]}]},{\"@type\":\"BreadcrumbList\",\"@id\":\"https:\\\/\\\/pihakorento.fi\\\/index.php\\\/kotoisa\\\/#breadcrumb\",\"itemListElement\":[{\"@type\":\"ListItem\",\"position\":1,\"name\":\"Home\",\"item\":\"https:\\\/\\\/pihakorento.fi\\\/\"},{\"@type\":\"ListItem\",\"position\":2,\"name\":\"Kotoisa &#8211; Pihakorento\"}]},{\"@type\":\"WebSite\",\"@id\":\"https:\\\/\\\/pihakorento.fi\\\/#website\",\"url\":\"https:\\\/\\\/pihakorento.fi\\\/\",\"name\":\"Pihakorento I Pihasuunnittelu ja viherrakentaminen\",\"description\":\"Pihasuunnittelu, Viherrakentaminen, Viherhoito, Pihakonsultointi\",\"publisher\":{\"@id\":\"https:\\\/\\\/pihakorento.fi\\\/#organization\"},\"potentialAction\":[{\"@type\":\"SearchAction\",\"target\":{\"@type\":\"EntryPoint\",\"urlTemplate\":\"https:\\\/\\\/pihakorento.fi\\\/?s={search_term_string}\"},\"query-input\":{\"@type\":\"PropertyValueSpecification\",\"valueRequired\":true,\"valueName\":\"search_term_string\"}}],\"inLanguage\":\"en\"},{\"@type\":\"Organization\",\"@id\":\"https:\\\/\\\/pihakorento.fi\\\/#organization\",\"name\":\"Pihakorento\",\"url\":\"https:\\\/\\\/pihakorento.fi\\\/\",\"logo\":{\"@type\":\"ImageObject\",\"inLanguage\":\"en\",\"@id\":\"https:\\\/\\\/pihakorento.fi\\\/#\\\/schema\\\/logo\\\/image\\\/\",\"url\":\"https:\\\/\\\/pihakorento.fi\\\/wp-content\\\/uploads\\\/2021\\\/04\\\/Logo_pihakorento_utan-slogan-1024x373.png\",\"contentUrl\":\"https:\\\/\\\/pihakorento.fi\\\/wp-content\\\/uploads\\\/2021\\\/04\\\/Logo_pihakorento_utan-slogan-1024x373.png\",\"width\":1024,\"height\":373,\"caption\":\"Pihakorento\"},\"image\":{\"@id\":\"https:\\\/\\\/pihakorento.fi\\\/#\\\/schema\\\/logo\\\/image\\\/\"},\"sameAs\":[\"https:\\\/\\\/www.facebook.com\\\/PihaKorento\\\/\",\"https:\\\/\\\/www.instagram.com\\\/pihakorento_helga\\\/?hl=en\"]}]}<\/script>\n<!-- \/ Yoast SEO plugin. -->","yoast_head_json":{"title":"Kotoisa - Pihakorento","description":"Kotoisa on suosittu kotien ja pihojen muutosohjelma - MTV3 - Kotoisa-ohjelman pihat suunnittelee Pihakorento - Katso jaksot!","robots":{"index":"index","follow":"follow","max-snippet":"max-snippet:-1","max-image-preview":"max-image-preview:large","max-video-preview":"max-video-preview:-1"},"canonical":"https:\/\/pihakorento.fi\/index.php\/kotoisa\/","og_locale":"en_US","og_type":"article","og_title":"Kotoisa - Pihakorento","og_description":"Kotoisa on suosittu kotien ja pihojen muutosohjelma - MTV3 - Kotoisa-ohjelman pihat suunnittelee Pihakorento - Katso jaksot!","og_url":"https:\/\/pihakorento.fi\/index.php\/kotoisa\/","og_site_name":"Pihakorento I Pihasuunnittelu ja viherrakentaminen","article_publisher":"https:\/\/www.facebook.com\/PihaKorento\/","article_modified_time":"2024-04-20T12:10:55+00:00","twitter_card":"summary_large_image","twitter_misc":{"Est. reading time":"2 minutes"},"schema":{"@context":"https:\/\/schema.org","@graph":[{"@type":"WebPage","@id":"https:\/\/pihakorento.fi\/index.php\/kotoisa\/","url":"https:\/\/pihakorento.fi\/index.php\/kotoisa\/","name":"Kotoisa - Pihakorento","isPartOf":{"@id":"https:\/\/pihakorento.fi\/#website"},"datePublished":"2021-05-04T14:01:09+00:00","dateModified":"2024-04-20T12:10:55+00:00","description":"Kotoisa on suosittu kotien ja pihojen muutosohjelma - MTV3 - Kotoisa-ohjelman pihat suunnittelee Pihakorento - Katso jaksot!","breadcrumb":{"@id":"https:\/\/pihakorento.fi\/index.php\/kotoisa\/#breadcrumb"},"inLanguage":"en","potentialAction":[{"@type":"ReadAction","target":["https:\/\/pihakorento.fi\/index.php\/kotoisa\/"]}]},{"@type":"BreadcrumbList","@id":"https:\/\/pihakorento.fi\/index.php\/kotoisa\/#breadcrumb","itemListElement":[{"@type":"ListItem","position":1,"name":"Home","item":"https:\/\/pihakorento.fi\/"},{"@type":"ListItem","position":2,"name":"Kotoisa &#8211; Pihakorento"}]},{"@type":"WebSite","@id":"https:\/\/pihakorento.fi\/#website","url":"https:\/\/pihakorento.fi\/","name":"Pihakorento I Pihasuunnittelu ja viherrakentaminen","description":"Pihasuunnittelu, Viherrakentaminen, Viherhoito, Pihakonsultointi","publisher":{"@id":"https:\/\/pihakorento.fi\/#organization"},"potentialAction":[{"@type":"SearchAction","target":{"@type":"EntryPoint","urlTemplate":"https:\/\/pihakorento.fi\/?s={search_term_string}"},"query-input":{"@type":"PropertyValueSpecification","valueRequired":true,"valueName":"search_term_string"}}],"inLanguage":"en"},{"@type":"Organization","@id":"https:\/\/pihakorento.fi\/#organization","name":"Pihakorento","url":"https:\/\/pihakorento.fi\/","logo":{"@type":"ImageObject","inLanguage":"en","@id":"https:\/\/pihakorento.fi\/#\/schema\/logo\/image\/","url":"https:\/\/pihakorento.fi\/wp-content\/uploads\/2021\/04\/Logo_pihakorento_utan-slogan-1024x373.png","contentUrl":"https:\/\/pihakorento.fi\/wp-content\/uploads\/2021\/04\/Logo_pihakorento_utan-slogan-1024x373.png","width":1024,"height":373,"caption":"Pihakorento"},"image":{"@id":"https:\/\/pihakorento.fi\/#\/schema\/logo\/image\/"},"sameAs":["https:\/\/www.facebook.com\/PihaKorento\/","https:\/\/www.instagram.com\/pihakorento_helga\/?hl=en"]}]}},"_links":{"self":[{"href":"https:\/\/pihakorento.fi\/index.php\/wp-json\/wp\/v2\/pages\/88114","targetHints":{"allow":["GET"]}}],"collection":[{"href":"https:\/\/pihakorento.fi\/index.php\/wp-json\/wp\/v2\/pages"}],"about":[{"href":"https:\/\/pihakorento.fi\/index.php\/wp-json\/wp\/v2\/types\/page"}],"author":[{"embeddable":true,"href":"https:\/\/pihakorento.fi\/index.php\/wp-json\/wp\/v2\/users\/1"}],"replies":[{"embeddable":true,"href":"https:\/\/pihakorento.fi\/index.php\/wp-json\/wp\/v2\/comments?post=88114"}],"version-history":[{"count":37,"href":"https:\/\/pihakorento.fi\/index.php\/wp-json\/wp\/v2\/pages\/88114\/revisions"}],"predecessor-version":[{"id":90010,"href":"https:\/\/pihakorento.fi\/index.php\/wp-json\/wp\/v2\/pages\/88114\/revisions\/90010"}],"wp:attachment":[{"href":"https:\/\/pihakorento.fi\/index.php\/wp-json\/wp\/v2\/media?parent=88114"}],"curies":[{"name":"wp","href":"https:\/\/api.w.org\/{rel}","templated":true}]}}