{"id":88126,"date":"2021-05-04T17:04:57","date_gmt":"2021-05-04T14:04:57","guid":{"rendered":"https:\/\/pihakorento.fi\/?page_id=88126"},"modified":"2022-02-01T16:23:53","modified_gmt":"2022-02-01T13:23:53","slug":"pihakonsultointi","status":"publish","type":"page","link":"https:\/\/pihakorento.fi\/index.php\/pihakonsultointi\/","title":{"rendered":"Pihakonsultointi &#8211; Pihakorento"},"content":{"rendered":"<div class=\"wpb-content-wrapper\"><p>[vc_row row_height_percent=&#8221;0&#8243; override_padding=&#8221;yes&#8221; h_padding=&#8221;2&#8243; top_padding=&#8221;4&#8243; bottom_padding=&#8221;3&#8243; back_image=&#8221;88443&#8243; back_position=&#8221;center bottom&#8221; parallax=&#8221;yes&#8221; overlay_color=&#8221;color-lxmt&#8221; overlay_alpha=&#8221;11&#8243; gutter_size=&#8221;3&#8243; column_width_percent=&#8221;100&#8243; shift_y=&#8221;0&#8243; z_index=&#8221;0&#8243; uncode_shortcode_id=&#8221;197154&#8243; overlay_color_type=&#8221;uncode-palette&#8221;][vc_column column_width_percent=&#8221;100&#8243; position_vertical=&#8221;middle&#8221; gutter_size=&#8221;4&#8243; style=&#8221;dark&#8221; overlay_alpha=&#8221;50&#8243; shift_x=&#8221;0&#8243; shift_y=&#8221;0&#8243; shift_y_down=&#8221;0&#8243; z_index=&#8221;0&#8243; medium_width=&#8221;0&#8243; mobile_width=&#8221;0&#8243; width=&#8221;1\/1&#8243;][vc_row_inner row_inner_height_percent=&#8221;0&#8243; overlay_alpha=&#8221;50&#8243; gutter_size=&#8221;4&#8243; shift_y=&#8221;0&#8243; z_index=&#8221;0&#8243;][vc_column_inner column_width_percent=&#8221;100&#8243; position_vertical=&#8221;bottom&#8221; gutter_size=&#8221;3&#8243; style=&#8221;dark&#8221; overlay_alpha=&#8221;50&#8243; shift_x=&#8221;0&#8243; shift_y=&#8221;0&#8243; shift_y_down=&#8221;0&#8243; z_index=&#8221;0&#8243; medium_width=&#8221;0&#8243; mobile_width=&#8221;0&#8243; width=&#8221;1\/2&#8243;][vc_custom_heading heading_semantic=&#8221;h6&#8243; text_size=&#8221;fontsize-338686&#8243; text_height=&#8221;fontheight-179065&#8243; uncode_shortcode_id=&#8221;130030&#8243;]Pihapulmia? Pyyd\u00e4 ammattilainen paikalle.[\/vc_custom_heading][\/vc_column_inner][vc_column_inner width=&#8221;1\/2&#8243;][\/vc_column_inner][\/vc_row_inner][vc_separator sep_color=&#8221;color-lxmt&#8221; uncode_shortcode_id=&#8221;189988&#8243; el_height=&#8221;8px&#8221; sep_color_type=&#8221;uncode-palette&#8221;][vc_row_inner row_inner_height_percent=&#8221;0&#8243; overlay_alpha=&#8221;50&#8243; equal_height=&#8221;yes&#8221; gutter_size=&#8221;3&#8243; shift_y=&#8221;0&#8243; z_index=&#8221;0&#8243;][vc_column_inner column_width_percent=&#8221;100&#8243; gutter_size=&#8221;2&#8243; style=&#8221;dark&#8221; overlay_alpha=&#8221;50&#8243; shift_x=&#8221;0&#8243; shift_y=&#8221;0&#8243; shift_y_down=&#8221;0&#8243; z_index=&#8221;0&#8243; medium_width=&#8221;0&#8243; mobile_width=&#8221;7&#8243; width=&#8221;1\/4&#8243;][vc_icon icon=&#8221;fa fa-pencil4&#8243; size=&#8221;fa-4x&#8221; text_size=&#8221;h4&#8243; title=&#8221;Pihasuunnittelu&#8221; uncode_shortcode_id=&#8221;243347&#8243;]Tarjoamme suunnitteluapua jos tarvitset apua omien ideoiden toteuttamiselle.[\/vc_icon][\/vc_column_inner][vc_column_inner column_width_percent=&#8221;100&#8243; gutter_size=&#8221;2&#8243; style=&#8221;dark&#8221; overlay_alpha=&#8221;10&#8243; shift_x=&#8221;0&#8243; shift_y=&#8221;0&#8243; shift_y_down=&#8221;0&#8243; z_index=&#8221;0&#8243; medium_width=&#8221;0&#8243; mobile_width=&#8221;7&#8243; width=&#8221;1\/4&#8243;][vc_icon icon=&#8221;fa fa-leaf2&#8243; size=&#8221;fa-4x&#8221; text_size=&#8221;h4&#8243; title=&#8221;Kasvivalinnat&#8221; uncode_shortcode_id=&#8221;496854&#8243;]Autamme valitsemaan oikeat kasvit oikeaan paikkaan kun haluat itse istuttaa mutta olet ep\u00e4varma mitk\u00e4 kasvit viihtyv\u00e4t pihallasi.[\/vc_icon][\/vc_column_inner][vc_column_inner column_width_percent=&#8221;100&#8243; gutter_size=&#8221;2&#8243; style=&#8221;dark&#8221; overlay_alpha=&#8221;50&#8243; shift_x=&#8221;0&#8243; shift_y=&#8221;0&#8243; shift_y_down=&#8221;0&#8243; z_index=&#8221;0&#8243; medium_width=&#8221;0&#8243; mobile_width=&#8221;7&#8243; width=&#8221;1\/4&#8243;][vc_icon icon=&#8221;fa fa-support&#8221; size=&#8221;fa-4x&#8221; text_size=&#8221;h4&#8243; title=&#8221;Viherrakennus&#8221; uncode_shortcode_id=&#8221;162272&#8243;]Annamme ulkopuolisen ammattilaisen n\u00e4kemyksen pihaurakoinnin pulmatilanteisiin ja autamme sinua jos olet itse tekem\u00e4ss\u00e4 pihat\u00f6it\u00e4 pihallasi.[\/vc_icon][\/vc_column_inner][vc_column_inner column_width_percent=&#8221;100&#8243; gutter_size=&#8221;2&#8243; style=&#8221;dark&#8221; overlay_alpha=&#8221;50&#8243; shift_x=&#8221;0&#8243; shift_y=&#8221;0&#8243; shift_y_down=&#8221;0&#8243; z_index=&#8221;0&#8243; medium_width=&#8221;0&#8243; mobile_width=&#8221;7&#8243; width=&#8221;1\/4&#8243;][vc_icon icon=&#8221;fa fa-graduation-hat&#8221; size=&#8221;fa-4x&#8221; text_size=&#8221;h4&#8243; title=&#8221;Kurssit&#8221; uncode_shortcode_id=&#8221;816609&#8243;]Pid\u00e4mme my\u00f6s isommille ryhmille kursseja pihasuunnittelusta ja viherrakentamisesta.[\/vc_icon][\/vc_column_inner][\/vc_row_inner][\/vc_column][\/vc_row][vc_row unlock_row_content=&#8221;yes&#8221; row_height_percent=&#8221;16&#8243; override_padding=&#8221;yes&#8221; h_padding=&#8221;0&#8243; top_padding=&#8221;0&#8243; bottom_padding=&#8221;0&#8243; overlay_alpha=&#8221;100&#8243; equal_height=&#8221;yes&#8221; gutter_size=&#8221;0&#8243; column_width_percent=&#8221;100&#8243; shift_y=&#8221;0&#8243; z_index=&#8221;0&#8243; enable_top_divider=&#8221;default&#8221; top_divider=&#8221;tilt&#8221; shape_top_h_use_pixel=&#8221;&#8221; shape_top_height=&#8221;150&#8243; shape_top_opacity=&#8221;100&#8243; shape_top_index=&#8221;0&#8243; style=&#8221;inherited&#8221; uncode_shortcode_id=&#8221;335300&#8243;][vc_column column_width_percent=&#8221;100&#8243; gutter_size=&#8221;3&#8243; override_padding=&#8221;yes&#8221; column_padding=&#8221;5&#8243; back_color=&#8221;color-lxmt&#8221; overlay_alpha=&#8221;50&#8243; shift_x=&#8221;0&#8243; shift_y=&#8221;0&#8243; shift_y_down=&#8221;0&#8243; z_index=&#8221;0&#8243; medium_width=&#8221;0&#8243; mobile_width=&#8221;0&#8243; width=&#8221;1\/3&#8243; uncode_shortcode_id=&#8221;598545&#8243; back_color_type=&#8221;uncode-palette&#8221;][vc_custom_heading heading_semantic=&#8221;h3&#8243; text_size=&#8221;h1&#8243; text_weight=&#8221;700&#8243; uncode_shortcode_id=&#8221;131167&#8243;]Kenelle pihakonsultointi sopii?[\/vc_custom_heading][vc_separator sep_color=&#8221;,Default&#8221;][vc_column_text uncode_shortcode_id=&#8221;180878&#8243;]Pihakonsultointi sopii parhaiten sinulle, jolla on halua, aikaa ja kyky\u00e4 itse l\u00e4hte\u00e4 toteuttamaan piharemonttia etk\u00e4 tarvitse tarkkaa suunnitelmaa t\u00e4t\u00e4 varten. Konsultoinnin aikana voit esitt\u00e4\u00e4 tarkentavia kysymyksi\u00e4 ja selvitt\u00e4\u00e4 urakan yksityiskohdat yhdess\u00e4 ammattilaisen kanssa paikan p\u00e4\u00e4ll\u00e4. Ammattilaisesta on apua esimerkiksi my\u00f6s silloin kun pihan muutoksessa pit\u00e4\u00e4 huomioida viherrakentamisen toimintatapoja ja lains\u00e4\u00e4d\u00e4nt\u00f6\u00e4. Konsultoinnin aikana kannattaa kirjoittaa omat muistiinpanot mutta voimme my\u00f6s lis\u00e4hinnasta sovittaessa tehd\u00e4 yhteenvedon k\u00e4ynnin j\u00e4lkeen.[\/vc_column_text][\/vc_column][vc_column column_width_percent=&#8221;100&#8243; position_horizontal=&#8221;left&#8221; gutter_size=&#8221;3&#8243; override_padding=&#8221;yes&#8221; column_padding=&#8221;5&#8243; back_color=&#8221;color-xsdn&#8221; overlay_alpha=&#8221;100&#8243; shift_x=&#8221;0&#8243; shift_y=&#8221;0&#8243; shift_y_down=&#8221;0&#8243; z_index=&#8221;0&#8243; medium_width=&#8221;100&#8243; mobile_width=&#8221;0&#8243; zoom_width=&#8221;0&#8243; zoom_height=&#8221;0&#8243; width=&#8221;1\/3&#8243; safe_padding=&#8221;yes&#8221; uncode_shortcode_id=&#8221;115431&#8243; back_color_type=&#8221;uncode-palette&#8221;][vc_custom_heading heading_semantic=&#8221;h3&#8243; text_size=&#8221;h1&#8243; text_weight=&#8221;700&#8243; uncode_shortcode_id=&#8221;177339&#8243;]Mit\u00e4 konsultointi maksaa?[\/vc_custom_heading][vc_separator sep_color=&#8221;,Default&#8221;][vc_column_text uncode_shortcode_id=&#8221;124715&#8243;]Pihakonsultointi tehd\u00e4\u00e4n aina tuntiperusteisesti ja laskutus tapahtuu alkavan tunnin mukaisesti. Kun konsultointi tapahtuu paikan p\u00e4\u00e4ll\u00e4, laskutukseen lis\u00e4t\u00e4\u00e4n matkakorvaus l\u00e4ht\u00f6- ja p\u00e4\u00e4ttymispaikkana toimistomme osoite.<\/p>\n<p>Konsultoinnin kokonaishinta liikkuu usein muutaman sadan euron paikkeilla, riippuen toki kohteen laajuudesta ja kysymysten m\u00e4\u00e4r\u00e4st\u00e4. Taloyhti\u00f6ille on monesti j\u00e4rkevin tapa l\u00e4hesty\u00e4 tulevaa piharemonttia konsultoinnilla, jolloin moni asia selvi\u00e4\u00e4 heti k\u00e4ttelyss\u00e4 hallitukselle. Taloyhti\u00f6 p\u00e4\u00e4see t\u00e4t\u00e4 kautta my\u00f6s helpommin keskustelemaan asukkaiden kanssa mihin olisi j\u00e4rkevint\u00e4 panostaa ja mit\u00e4 ryhdyt\u00e4\u00e4n valitulla budjetilla suunnittelemaan ja toteuttamaan.<\/p>\n<p>Ota rohkeasti yhteytt\u00e4, niin voimme yhdess\u00e4 pohtia sopiiko pihakonsultaatio teid\u00e4n tarpeisiin vai olisiko parempi ratkaista koko pihan kokonaisuus suunnitelmalla yhdell\u00e4 kiinte\u00e4ll\u00e4 hinnalla.[\/vc_column_text][\/vc_column][vc_column column_width_percent=&#8221;100&#8243; position_horizontal=&#8221;left&#8221; gutter_size=&#8221;3&#8243; override_padding=&#8221;yes&#8221; column_padding=&#8221;5&#8243; back_color=&#8221;color-lxmt&#8221; overlay_alpha=&#8221;0&#8243; shift_x=&#8221;0&#8243; shift_y=&#8221;0&#8243; z_index=&#8221;0&#8243; medium_width=&#8221;100&#8243; zoom_width=&#8221;0&#8243; zoom_height=&#8221;0&#8243; width=&#8221;1\/3&#8243; safe_padding=&#8221;yes&#8221;][vc_custom_heading heading_semantic=&#8221;h3&#8243; text_size=&#8221;h1&#8243; text_weight=&#8221;700&#8243; uncode_shortcode_id=&#8221;215299&#8243;]Konsultaatiota joustavasti tilanteen mukaan[\/vc_custom_heading][vc_separator sep_color=&#8221;,Default&#8221;][vc_row_inner row_inner_height_percent=&#8221;0&#8243; overlay_alpha=&#8221;50&#8243; gutter_size=&#8221;4&#8243; shift_y=&#8221;0&#8243;][vc_column_inner width=&#8221;1\/2&#8243;][vc_icon icon=&#8221;fa fa-map-marker2&#8243; size=&#8221;fa-4x&#8221; text_size=&#8221;h5&#8243; text_weight=&#8221;700&#8243; css_animation=&#8221;zoom-in&#8221; align=&#8221;left&#8221; title=&#8221;Neuvoja paikan p\u00e4\u00e4ll\u00e4&#8221; uncode_shortcode_id=&#8221;146009&#8243;]K\u00e4ynti paikan p\u00e4\u00e4ll\u00e4 on usein paras tapa k\u00e4yd\u00e4 l\u00e4pi pihan ongelmakohdat ja saada ammattilaisen neuvoja ratkaisuiksi. P\u00e4\u00e4s\u00e4\u00e4nt\u00f6isesti konsultoimme t\u00e4m\u00e4n takia asiakkaiden pihoilla, jolloin on helppo yhdess\u00e4 mietti\u00e4 mit\u00e4 pihalle voisi tehd\u00e4. Tulemme mielell\u00e4mme k\u00e4ym\u00e4\u00e4n ja asiantuntemuksemme on k\u00e4yt\u00f6ss\u00e4nne asiasta riippumatta![\/vc_icon][\/vc_column_inner][vc_column_inner width=&#8221;1\/2&#8243;][vc_icon icon=&#8221;fa fa-screen&#8221; size=&#8221;fa-4x&#8221; text_size=&#8221;h5&#8243; css_animation=&#8221;zoom-in&#8221; animation_delay=&#8221;100&#8243; align=&#8221;left&#8221; title=&#8221;Neuvoja et\u00e4n\u00e4&#8221; uncode_shortcode_id=&#8221;913424&#8243;]Konsultoimme my\u00f6s et\u00e4n\u00e4 sek\u00e4 puhelimitse, ett\u00e4 videon v\u00e4lityksell\u00e4 ja varsinkin jos kohde sijaitsee pidemm\u00e4ll\u00e4 PK-seudulta, t\u00e4m\u00e4 voi olla toimivin ratkaisu. Lis\u00e4ksi voimme kommentoida valmiita pihasuunnitelmia tai urakkatarjouksia ja antaa konsultaatiota piharakentamisen hinnoista my\u00f6s s\u00e4hk\u00f6postin v\u00e4lityksell\u00e4.[\/vc_icon][\/vc_column_inner][\/vc_row_inner][vc_button radius=&#8221;btn-circle&#8221; border_width=&#8221;0&#8243; uncode_shortcode_id=&#8221;139329&#8243; link=&#8221;url:https%3A%2F%2Fpihakorento.fi%2Findex.php%2Fota-yhteytta%2F|title:00%20Pihakorento%20Ota%20yhteytt%C3%A4&#8243;]Pyyd\u00e4 tarjous[\/vc_button][\/vc_column][\/vc_row][vc_row row_height_percent=&#8221;20&#8243; override_padding=&#8221;yes&#8221; h_padding=&#8221;2&#8243; top_padding=&#8221;3&#8243; bottom_padding=&#8221;3&#8243; back_image=&#8221;88439&#8243; parallax=&#8221;yes&#8221; overlay_alpha=&#8221;50&#8243; gutter_size=&#8221;100&#8243; column_width_percent=&#8221;100&#8243; shift_y=&#8221;0&#8243; z_index=&#8221;0&#8243; style=&#8221;inherited&#8221; row_name=&#8221;About Us&#8221; uncode_shortcode_id=&#8221;496559&#8243;][vc_column column_width_percent=&#8221;100&#8243; position_vertical=&#8221;middle&#8221; align_horizontal=&#8221;align_center&#8221; gutter_size=&#8221;4&#8243; overlay_alpha=&#8221;100&#8243; shift_x=&#8221;0&#8243; shift_y=&#8221;0&#8243; shift_y_down=&#8221;0&#8243; z_index=&#8221;0&#8243; medium_width=&#8221;0&#8243; mobile_width=&#8221;0&#8243; zoom_width=&#8221;0&#8243; zoom_height=&#8221;0&#8243; width=&#8221;1\/1&#8243;][\/vc_column][\/vc_row]<\/p>\n<\/div>","protected":false},"excerpt":{"rendered":"<p>[vc_row row_height_percent=&#8221;0&#8243; override_padding=&#8221;yes&#8221; h_padding=&#8221;2&#8243; top_padding=&#8221;4&#8243; bottom_padding=&#8221;3&#8243; back_image=&#8221;88443&#8243; back_position=&#8221;center bottom&#8221; parallax=&#8221;yes&#8221; overlay_color=&#8221;color-lxmt&#8221; overlay_alpha=&#8221;11&#8243; gutter_size=&#8221;3&#8243; column_width_percent=&#8221;100&#8243; shift_y=&#8221;0&#8243; z_index=&#8221;0&#8243; uncode_shortcode_id=&#8221;197154&#8243; overlay_color_type=&#8221;uncode-palette&#8221;][vc_column column_width_percent=&#8221;100&#8243; position_vertical=&#8221;middle&#8221; [&hellip;]<\/p>\n","protected":false},"author":1,"featured_media":0,"parent":0,"menu_order":0,"comment_status":"closed","ping_status":"closed","template":"","meta":{"footnotes":""},"class_list":["post-88126","page","type-page","status-publish","hentry"],"yoast_head":"<!-- This site is optimized with the Yoast SEO plugin v27.5 - https:\/\/yoast.com\/product\/yoast-seo-wordpress\/ -->\n<title>Pihakonsultointi - Pihakorento<\/title>\n<meta name=\"description\" content=\"Pihakonsultointi sopii sinulle jos kaipaat neuvoja pihapulmiin - Veloitus tuntiperusteisesti - Paikan p\u00e4\u00e4ll\u00e4 tai et\u00e4n\u00e4.\" \/>\n<meta name=\"robots\" content=\"index, follow, max-snippet:-1, max-image-preview:large, max-video-preview:-1\" \/>\n<link rel=\"canonical\" href=\"https:\/\/pihakorento.fi\/index.php\/pihakonsultointi\/\" \/>\n<meta property=\"og:locale\" content=\"en_US\" \/>\n<meta property=\"og:type\" content=\"article\" \/>\n<meta property=\"og:title\" content=\"Pihakonsultointi - Pihakorento\" \/>\n<meta property=\"og:description\" content=\"Pihakonsultointi sopii sinulle jos kaipaat neuvoja pihapulmiin - Veloitus tuntiperusteisesti - Paikan p\u00e4\u00e4ll\u00e4 tai et\u00e4n\u00e4.\" \/>\n<meta property=\"og:url\" content=\"https:\/\/pihakorento.fi\/index.php\/pihakonsultointi\/\" \/>\n<meta property=\"og:site_name\" content=\"Pihakorento I Pihasuunnittelu ja viherrakentaminen\" \/>\n<meta property=\"article:publisher\" content=\"https:\/\/www.facebook.com\/PihaKorento\/\" \/>\n<meta property=\"article:modified_time\" content=\"2022-02-01T13:23:53+00:00\" \/>\n<meta name=\"twitter:card\" content=\"summary_large_image\" \/>\n<meta name=\"twitter:label1\" content=\"Est. reading time\" \/>\n\t<meta name=\"twitter:data1\" content=\"6 minutes\" \/>\n<script type=\"application\/ld+json\" class=\"yoast-schema-graph\">{\"@context\":\"https:\\\/\\\/schema.org\",\"@graph\":[{\"@type\":\"WebPage\",\"@id\":\"https:\\\/\\\/pihakorento.fi\\\/index.php\\\/pihakonsultointi\\\/\",\"url\":\"https:\\\/\\\/pihakorento.fi\\\/index.php\\\/pihakonsultointi\\\/\",\"name\":\"Pihakonsultointi - Pihakorento\",\"isPartOf\":{\"@id\":\"https:\\\/\\\/pihakorento.fi\\\/#website\"},\"datePublished\":\"2021-05-04T14:04:57+00:00\",\"dateModified\":\"2022-02-01T13:23:53+00:00\",\"description\":\"Pihakonsultointi sopii sinulle jos kaipaat neuvoja pihapulmiin - Veloitus tuntiperusteisesti - Paikan p\u00e4\u00e4ll\u00e4 tai et\u00e4n\u00e4.\",\"breadcrumb\":{\"@id\":\"https:\\\/\\\/pihakorento.fi\\\/index.php\\\/pihakonsultointi\\\/#breadcrumb\"},\"inLanguage\":\"en\",\"potentialAction\":[{\"@type\":\"ReadAction\",\"target\":[\"https:\\\/\\\/pihakorento.fi\\\/index.php\\\/pihakonsultointi\\\/\"]}]},{\"@type\":\"BreadcrumbList\",\"@id\":\"https:\\\/\\\/pihakorento.fi\\\/index.php\\\/pihakonsultointi\\\/#breadcrumb\",\"itemListElement\":[{\"@type\":\"ListItem\",\"position\":1,\"name\":\"Home\",\"item\":\"https:\\\/\\\/pihakorento.fi\\\/\"},{\"@type\":\"ListItem\",\"position\":2,\"name\":\"Pihakonsultointi &#8211; Pihakorento\"}]},{\"@type\":\"WebSite\",\"@id\":\"https:\\\/\\\/pihakorento.fi\\\/#website\",\"url\":\"https:\\\/\\\/pihakorento.fi\\\/\",\"name\":\"Pihakorento I Pihasuunnittelu ja viherrakentaminen\",\"description\":\"Pihasuunnittelu, Viherrakentaminen, Viherhoito, Pihakonsultointi\",\"publisher\":{\"@id\":\"https:\\\/\\\/pihakorento.fi\\\/#organization\"},\"potentialAction\":[{\"@type\":\"SearchAction\",\"target\":{\"@type\":\"EntryPoint\",\"urlTemplate\":\"https:\\\/\\\/pihakorento.fi\\\/?s={search_term_string}\"},\"query-input\":{\"@type\":\"PropertyValueSpecification\",\"valueRequired\":true,\"valueName\":\"search_term_string\"}}],\"inLanguage\":\"en\"},{\"@type\":\"Organization\",\"@id\":\"https:\\\/\\\/pihakorento.fi\\\/#organization\",\"name\":\"Pihakorento\",\"url\":\"https:\\\/\\\/pihakorento.fi\\\/\",\"logo\":{\"@type\":\"ImageObject\",\"inLanguage\":\"en\",\"@id\":\"https:\\\/\\\/pihakorento.fi\\\/#\\\/schema\\\/logo\\\/image\\\/\",\"url\":\"https:\\\/\\\/pihakorento.fi\\\/wp-content\\\/uploads\\\/2021\\\/04\\\/Logo_pihakorento_utan-slogan-1024x373.png\",\"contentUrl\":\"https:\\\/\\\/pihakorento.fi\\\/wp-content\\\/uploads\\\/2021\\\/04\\\/Logo_pihakorento_utan-slogan-1024x373.png\",\"width\":1024,\"height\":373,\"caption\":\"Pihakorento\"},\"image\":{\"@id\":\"https:\\\/\\\/pihakorento.fi\\\/#\\\/schema\\\/logo\\\/image\\\/\"},\"sameAs\":[\"https:\\\/\\\/www.facebook.com\\\/PihaKorento\\\/\",\"https:\\\/\\\/www.instagram.com\\\/pihakorento_helga\\\/?hl=en\"]}]}<\/script>\n<!-- \/ Yoast SEO plugin. -->","yoast_head_json":{"title":"Pihakonsultointi - Pihakorento","description":"Pihakonsultointi sopii sinulle jos kaipaat neuvoja pihapulmiin - Veloitus tuntiperusteisesti - Paikan p\u00e4\u00e4ll\u00e4 tai et\u00e4n\u00e4.","robots":{"index":"index","follow":"follow","max-snippet":"max-snippet:-1","max-image-preview":"max-image-preview:large","max-video-preview":"max-video-preview:-1"},"canonical":"https:\/\/pihakorento.fi\/index.php\/pihakonsultointi\/","og_locale":"en_US","og_type":"article","og_title":"Pihakonsultointi - Pihakorento","og_description":"Pihakonsultointi sopii sinulle jos kaipaat neuvoja pihapulmiin - Veloitus tuntiperusteisesti - Paikan p\u00e4\u00e4ll\u00e4 tai et\u00e4n\u00e4.","og_url":"https:\/\/pihakorento.fi\/index.php\/pihakonsultointi\/","og_site_name":"Pihakorento I Pihasuunnittelu ja viherrakentaminen","article_publisher":"https:\/\/www.facebook.com\/PihaKorento\/","article_modified_time":"2022-02-01T13:23:53+00:00","twitter_card":"summary_large_image","twitter_misc":{"Est. reading time":"6 minutes"},"schema":{"@context":"https:\/\/schema.org","@graph":[{"@type":"WebPage","@id":"https:\/\/pihakorento.fi\/index.php\/pihakonsultointi\/","url":"https:\/\/pihakorento.fi\/index.php\/pihakonsultointi\/","name":"Pihakonsultointi - Pihakorento","isPartOf":{"@id":"https:\/\/pihakorento.fi\/#website"},"datePublished":"2021-05-04T14:04:57+00:00","dateModified":"2022-02-01T13:23:53+00:00","description":"Pihakonsultointi sopii sinulle jos kaipaat neuvoja pihapulmiin - Veloitus tuntiperusteisesti - Paikan p\u00e4\u00e4ll\u00e4 tai et\u00e4n\u00e4.","breadcrumb":{"@id":"https:\/\/pihakorento.fi\/index.php\/pihakonsultointi\/#breadcrumb"},"inLanguage":"en","potentialAction":[{"@type":"ReadAction","target":["https:\/\/pihakorento.fi\/index.php\/pihakonsultointi\/"]}]},{"@type":"BreadcrumbList","@id":"https:\/\/pihakorento.fi\/index.php\/pihakonsultointi\/#breadcrumb","itemListElement":[{"@type":"ListItem","position":1,"name":"Home","item":"https:\/\/pihakorento.fi\/"},{"@type":"ListItem","position":2,"name":"Pihakonsultointi &#8211; Pihakorento"}]},{"@type":"WebSite","@id":"https:\/\/pihakorento.fi\/#website","url":"https:\/\/pihakorento.fi\/","name":"Pihakorento I Pihasuunnittelu ja viherrakentaminen","description":"Pihasuunnittelu, Viherrakentaminen, Viherhoito, Pihakonsultointi","publisher":{"@id":"https:\/\/pihakorento.fi\/#organization"},"potentialAction":[{"@type":"SearchAction","target":{"@type":"EntryPoint","urlTemplate":"https:\/\/pihakorento.fi\/?s={search_term_string}"},"query-input":{"@type":"PropertyValueSpecification","valueRequired":true,"valueName":"search_term_string"}}],"inLanguage":"en"},{"@type":"Organization","@id":"https:\/\/pihakorento.fi\/#organization","name":"Pihakorento","url":"https:\/\/pihakorento.fi\/","logo":{"@type":"ImageObject","inLanguage":"en","@id":"https:\/\/pihakorento.fi\/#\/schema\/logo\/image\/","url":"https:\/\/pihakorento.fi\/wp-content\/uploads\/2021\/04\/Logo_pihakorento_utan-slogan-1024x373.png","contentUrl":"https:\/\/pihakorento.fi\/wp-content\/uploads\/2021\/04\/Logo_pihakorento_utan-slogan-1024x373.png","width":1024,"height":373,"caption":"Pihakorento"},"image":{"@id":"https:\/\/pihakorento.fi\/#\/schema\/logo\/image\/"},"sameAs":["https:\/\/www.facebook.com\/PihaKorento\/","https:\/\/www.instagram.com\/pihakorento_helga\/?hl=en"]}]}},"_links":{"self":[{"href":"https:\/\/pihakorento.fi\/index.php\/wp-json\/wp\/v2\/pages\/88126","targetHints":{"allow":["GET"]}}],"collection":[{"href":"https:\/\/pihakorento.fi\/index.php\/wp-json\/wp\/v2\/pages"}],"about":[{"href":"https:\/\/pihakorento.fi\/index.php\/wp-json\/wp\/v2\/types\/page"}],"author":[{"embeddable":true,"href":"https:\/\/pihakorento.fi\/index.php\/wp-json\/wp\/v2\/users\/1"}],"replies":[{"embeddable":true,"href":"https:\/\/pihakorento.fi\/index.php\/wp-json\/wp\/v2\/comments?post=88126"}],"version-history":[{"count":98,"href":"https:\/\/pihakorento.fi\/index.php\/wp-json\/wp\/v2\/pages\/88126\/revisions"}],"predecessor-version":[{"id":89150,"href":"https:\/\/pihakorento.fi\/index.php\/wp-json\/wp\/v2\/pages\/88126\/revisions\/89150"}],"wp:attachment":[{"href":"https:\/\/pihakorento.fi\/index.php\/wp-json\/wp\/v2\/media?parent=88126"}],"curies":[{"name":"wp","href":"https:\/\/api.w.org\/{rel}","templated":true}]}}